{"id":43,"date":"2018-07-09T09:14:43","date_gmt":"2018-07-09T09:14:43","guid":{"rendered":"http:\/\/energydemo.local\/?page_id=43"},"modified":"2023-08-22T21:37:46","modified_gmt":"2023-08-22T19:37:46","slug":"kontakt","status":"publish","type":"page","link":"https:\/\/pavolnovak.com\/sk\/landscapes\/kontakt\/","title":{"rendered":"O mne"},"content":{"rendered":"\t\t<div data-elementor-type=\"wp-post\" data-elementor-id=\"43\" class=\"elementor elementor-43\">\n\t\t\t\t\t\t<section class=\"elementor-section elementor-top-section elementor-element elementor-element-fcac4c8 elementor-section-boxed elementor-section-height-default elementor-section-height-default\" data-id=\"fcac4c8\" data-element_type=\"section\" data-e-type=\"section\" data-settings=\"{&quot;background_background&quot;:&quot;classic&quot;}\">\n\t\t\t\t\t\t<div class=\"elementor-container elementor-column-gap-default\">\n\t\t\t\t\t<div class=\"elementor-column elementor-col-100 elementor-top-column elementor-element elementor-element-3ad86e5\" data-id=\"3ad86e5\" data-element_type=\"column\" data-e-type=\"column\">\n\t\t\t<div class=\"elementor-widget-wrap elementor-element-populated\">\n\t\t\t\t\t\t<section class=\"elementor-section elementor-inner-section elementor-element elementor-element-0be3b79 elementor-section-boxed elementor-section-height-default elementor-section-height-default\" data-id=\"0be3b79\" data-element_type=\"section\" data-e-type=\"section\">\n\t\t\t\t\t\t<div class=\"elementor-container elementor-column-gap-default\">\n\t\t\t\t\t<div class=\"elementor-column elementor-col-50 elementor-inner-column elementor-element elementor-element-63c9d8a elementor-invisible\" data-id=\"63c9d8a\" data-element_type=\"column\" data-e-type=\"column\" data-settings=\"{&quot;background_background&quot;:&quot;classic&quot;,&quot;animation&quot;:&quot;fadeIn&quot;}\">\n\t\t\t<div class=\"elementor-widget-wrap elementor-element-populated\">\n\t\t\t\t\t\t<div class=\"elementor-element elementor-element-d5860e8 elementor-widget elementor-widget-text-editor\" data-id=\"d5860e8\" data-element_type=\"widget\" data-e-type=\"widget\" data-widget_type=\"text-editor.default\">\n\t\t\t\t<div class=\"elementor-widget-container\">\n\t\t\t\t\t\t\t\t\t<p>Toto som ja, Pavol.<br \/>A toto je to, \u010do ke\u010f po\u010dasie a situ\u00e1cia dovol\u00ed, tak rob\u00edm.<br \/>Prepadol som fotografii a turistike, h\u013ead\u00e1m nov\u00e9 miesta a sna\u017e\u00edm sa zachyti\u0165 kr\u00e1su pr\u00edrody.<br \/>Na Slovensku m\u00e1me ve\u013ea kr\u00e1snych miest, ktor\u00e9 sa popri pracovn\u00fdm povinnostiam sna\u017e\u00edm nafoti\u0165 najlep\u0161ie ako viem.<br \/>Ve\u013eakr\u00e1t je odmenou za no\u010dn\u00fd v\u00fdstup v\u00fdchod slnka, pri ktorom zab\u00fadate\u00a0\u010do v\u0161etko ste museli pred t\u00fdm podst\u00fapi\u0165.\u00a0Nikdy\u00a0som neo\u013eutoval to, \u017ee som nejak\u00fd v\u00fdstup urobil, ani ke\u010f nevy\u0161lo po\u010dasie a ni\u010d som neodfotil. Beriem to ako ur\u010dit\u00fd druh psychohygieny, kedy \u010dlovek zab\u00fada na probl\u00e9my a za\u010d\u00edna myslie\u0165 na \u00faplne in\u00e9 veci. Mojou tvorbou v\u00e1m chcem aspo\u0148 trochu pribl\u00ed\u017ei\u0165 to, \u010do by sme mali chr\u00e1ni\u0165 a zachov\u00e1va\u0165 aj pre \u010fal\u0161ie gener\u00e1cie.<\/p>\t\t\t\t\t\t\t\t<\/div>\n\t\t\t\t<\/div>\n\t\t\t\t\t<\/div>\n\t\t<\/div>\n\t\t\t\t<div class=\"elementor-column elementor-col-50 elementor-inner-column elementor-element elementor-element-d965836\" data-id=\"d965836\" data-element_type=\"column\" data-e-type=\"column\">\n\t\t\t<div class=\"elementor-widget-wrap\">\n\t\t\t\t\t\t\t<\/div>\n\t\t<\/div>\n\t\t\t\t\t<\/div>\n\t\t<\/section>\n\t\t\t\t\t<\/div>\n\t\t<\/div>\n\t\t\t\t\t<\/div>\n\t\t<\/section>\n\t\t\t\t<section class=\"elementor-section elementor-top-section elementor-element elementor-element-f7bd08b elementor-section-boxed elementor-section-height-default elementor-section-height-default\" data-id=\"f7bd08b\" data-element_type=\"section\" data-e-type=\"section\" data-settings=\"{&quot;background_background&quot;:&quot;classic&quot;}\">\n\t\t\t\t\t\t<div class=\"elementor-container elementor-column-gap-default\">\n\t\t\t\t\t<div class=\"elementor-column elementor-col-100 elementor-top-column elementor-element elementor-element-2a6f2f9\" data-id=\"2a6f2f9\" data-element_type=\"column\" data-e-type=\"column\">\n\t\t\t<div class=\"elementor-widget-wrap elementor-element-populated\">\n\t\t\t\t\t\t<section class=\"elementor-section elementor-inner-section elementor-element elementor-element-44ff5e7 elementor-section-boxed elementor-section-height-default elementor-section-height-default\" data-id=\"44ff5e7\" data-element_type=\"section\" data-e-type=\"section\">\n\t\t\t\t\t\t<div class=\"elementor-container elementor-column-gap-default\">\n\t\t\t\t\t<div class=\"elementor-column elementor-col-50 elementor-inner-column elementor-element elementor-element-15d90cb elementor-invisible\" data-id=\"15d90cb\" data-element_type=\"column\" data-e-type=\"column\" data-settings=\"{&quot;animation&quot;:&quot;fadeIn&quot;,&quot;animation_delay&quot;:1000}\">\n\t\t\t<div class=\"elementor-widget-wrap elementor-element-populated\">\n\t\t\t\t\t\t<div class=\"elementor-element elementor-element-6d16771 elementor-position-top elementor-invisible elementor-widget elementor-widget-image-box\" data-id=\"6d16771\" data-element_type=\"widget\" data-e-type=\"widget\" data-settings=\"{&quot;_animation&quot;:&quot;fadeIn&quot;}\" data-widget_type=\"image-box.default\">\n\t\t\t\t<div class=\"elementor-widget-container\">\n\t\t\t\t\t<div class=\"elementor-image-box-wrapper\"><figure class=\"elementor-image-box-img\"><img fetchpriority=\"high\" decoding=\"async\" width=\"300\" height=\"300\" src=\"https:\/\/pavolnovak.com\/sk\/landscapes\/wp-content\/uploads\/sites\/2\/2020\/03\/profile2-300x300.png\" class=\"attachment-medium size-medium wp-image-495\" alt=\"\" srcset=\"https:\/\/pavolnovak.com\/sk\/landscapes\/wp-content\/uploads\/sites\/2\/2020\/03\/profile2-300x300.png 300w, https:\/\/pavolnovak.com\/sk\/landscapes\/wp-content\/uploads\/sites\/2\/2020\/03\/profile2-150x150.png 150w, https:\/\/pavolnovak.com\/sk\/landscapes\/wp-content\/uploads\/sites\/2\/2020\/03\/profile2-768x768.png 768w, https:\/\/pavolnovak.com\/sk\/landscapes\/wp-content\/uploads\/sites\/2\/2020\/03\/profile2-500x500.png 500w, https:\/\/pavolnovak.com\/sk\/landscapes\/wp-content\/uploads\/sites\/2\/2020\/03\/profile2-800x800.png 800w, https:\/\/pavolnovak.com\/sk\/landscapes\/wp-content\/uploads\/sites\/2\/2020\/03\/profile2.png 960w\" \/><\/figure><div class=\"elementor-image-box-content\"><h3 class=\"elementor-image-box-title\">Pavol Nov\u00e1k<\/h3><p class=\"elementor-image-box-description\">Tel:<br>\n+421 905 993400<br>\n<br>\ne-mail:<br>\ninfo@pavolnovak.com<br><br>Ak V\u00e1s moja tvorba zaujala a radi by ste ma kontaktovali, \u010di u\u017e oh\u013eadne digit\u00e1lnej podoby fotografi\u00ed, alebo vytla\u010denej na pl\u00e1tne, alebo fotopapieri s d\u00f4razom na najvy\u0161\u0161iu kvalitu, popr\u00edpade hotov\u00fd zar\u00e1movan\u00fd obraz vhodn\u00fd ako dar, alebo osobn\u00fd mentoring (workshop), nev\u00e1hajte vyu\u017ei\u0165 nasleduj\u00faci formul\u00e1r a odpoviem V\u00e1m hne\u010f, ako to bude mo\u017en\u00e9. B\u00fdvam a p\u00f4sob\u00edm hlavne v okol\u00ed \u017diliny, ale r\u00e1d vycestujem aj do in\u00fdch k\u00fatov.<\/p><\/div><\/div>\t\t\t\t<\/div>\n\t\t\t\t<\/div>\n\t\t\t\t<div class=\"elementor-element elementor-element-93d030e elementor-shape-circle elementor-grid-0 e-grid-align-center elementor-invisible elementor-widget elementor-widget-social-icons\" data-id=\"93d030e\" data-element_type=\"widget\" data-e-type=\"widget\" data-settings=\"{&quot;_animation&quot;:&quot;fadeIn&quot;,&quot;_animation_delay&quot;:300}\" data-widget_type=\"social-icons.default\">\n\t\t\t\t<div class=\"elementor-widget-container\">\n\t\t\t\t\t\t\t<div class=\"elementor-social-icons-wrapper elementor-grid\" role=\"list\">\n\t\t\t\t\t\t\t<span class=\"elementor-grid-item\" role=\"listitem\">\n\t\t\t\t\t<a class=\"elementor-icon elementor-social-icon elementor-social-icon-facebook elementor-animation-grow elementor-repeater-item-dbbc104\" href=\"https:\/\/www.facebook.com\/pavolnovak.landscape\" target=\"_blank\">\n\t\t\t\t\t\t<span class=\"elementor-screen-only\">Facebook<\/span>\n\t\t\t\t\t\t<i aria-hidden=\"true\" class=\"fab fa-facebook\"><\/i>\t\t\t\t\t<\/a>\n\t\t\t\t<\/span>\n\t\t\t\t\t\t\t<span class=\"elementor-grid-item\" role=\"listitem\">\n\t\t\t\t\t<a class=\"elementor-icon elementor-social-icon elementor-social-icon-instagram elementor-animation-grow elementor-repeater-item-96f98d9\" href=\"https:\/\/www.instagram.com\/pavolnovak.landscapes\/\" target=\"_blank\">\n\t\t\t\t\t\t<span class=\"elementor-screen-only\">Instagram<\/span>\n\t\t\t\t\t\t<i aria-hidden=\"true\" class=\"fab fa-instagram\"><\/i>\t\t\t\t\t<\/a>\n\t\t\t\t<\/span>\n\t\t\t\t\t<\/div>\n\t\t\t\t\t\t<\/div>\n\t\t\t\t<\/div>\n\t\t\t\t\t<\/div>\n\t\t<\/div>\n\t\t\t\t<div class=\"elementor-column elementor-col-50 elementor-inner-column elementor-element elementor-element-8d226c0\" data-id=\"8d226c0\" data-element_type=\"column\" data-e-type=\"column\">\n\t\t\t<div class=\"elementor-widget-wrap elementor-element-populated\">\n\t\t\t\t\t\t<div class=\"elementor-element elementor-element-d69a97b elementor-invisible elementor-widget elementor-widget-content_form_contact\" data-id=\"d69a97b\" data-element_type=\"widget\" data-e-type=\"widget\" data-settings=\"{&quot;_animation&quot;:&quot;fadeIn&quot;,&quot;_animation_delay&quot;:1000}\" data-widget_type=\"content_form_contact.default\">\n\t\t\t\t<div class=\"elementor-widget-container\">\n\t\t\t\t\t<form action=\"https:\/\/pavolnovak.com\/sk\/landscapes\/wp-admin\/admin-post.php\" method=\"post\" name=\"content-form-d69a97b\" id=\"content-form-d69a97b\" class=\"ti-cf-module content-form content-form-contact content_form_contact\"><input type=\"hidden\" id=\"_wpnonce_contact\" name=\"_wpnonce_contact\" value=\"dbe9d8d0db\" \/><input type=\"hidden\" name=\"_wp_http_referer\" value=\"\/sk\/landscapes\/kontakt\/\" \/><input type=\"hidden\" name=\"action\" value=\"content_form_submit\" \/><input type=\"hidden\" name=\"form-type\" value=\"contact\" \/><input type=\"hidden\" name=\"form-builder\" value=\"elementor\" \/><input type=\"hidden\" name=\"post-id\" value=\"43\" \/><input type=\"hidden\" name=\"form-id\" value=\"d69a97b\" \/><fieldset class=&quot;content-form-field-text elementor-column elementor-col-100&quot;><label for=\"data[d69a97b][name]\" ><\/label><input type=\"text\" name=\"data[d69a97b][name]\" id=\"data[d69a97b][name]\" required=required  placeholder=\"Va\u0161e meno: *\"><\/fieldset><fieldset class=&quot;content-form-field-email elementor-column elementor-col-100&quot;><label for=\"data[d69a97b][email]\" ><\/label><input type=\"text\" name=\"data[d69a97b][email]\" id=\"data[d69a97b][email]\" required=required  placeholder=\"V\u00e1\u0161 e-mail: *\"><\/fieldset><fieldset class=&quot;content-form-field-textarea elementor-column elementor-col-100&quot;><label for=\"data[d69a97b][message]\" ><\/label><textarea name=\"data[d69a97b][message]\" id=\"data[d69a97b][message]\"  required=required placeholder=\"Va\u0161a spr\u00e1va: *\" cols=\"30\" rows=\"5\"><\/textarea><\/fieldset><fieldset class=\"submit-form contact\"><button type=\"submit\" name=\"submit\"  value=\"submit-contact-d69a97b\" class=\"\">Odosla\u0165<\/button><\/fieldset><\/form>\t\t\t\t<\/div>\n\t\t\t\t<\/div>\n\t\t\t\t\t<\/div>\n\t\t<\/div>\n\t\t\t\t\t<\/div>\n\t\t<\/section>\n\t\t\t\t\t<\/div>\n\t\t<\/div>\n\t\t\t\t\t<\/div>\n\t\t<\/section>\n\t\t\t\t<\/div>\n\t\t","protected":false},"excerpt":{"rendered":"<p>Toto som ja, Pavol.A toto je to, \u010do ke\u010f po\u010dasie a situ\u00e1cia dovol\u00ed, tak rob\u00edm.Prepadol som fotografii a turistike, h\u013ead\u00e1m nov\u00e9 miesta a sna\u017e\u00edm sa zachyti\u0165 kr\u00e1su pr\u00edrody.Na Slovensku m\u00e1me ve\u013ea kr\u00e1snych miest, ktor\u00e9 sa popri pracovn\u00fdm povinnostiam sna\u017e\u00edm nafoti\u0165 najlep\u0161ie ako viem.Ve\u013eakr\u00e1t je odmenou za no\u010dn\u00fd v\u00fdstup v\u00fdchod slnka, pri ktorom zab\u00fadate\u00a0\u010do v\u0161etko ste [&hellip;]<\/p>\n","protected":false},"author":1,"featured_media":0,"parent":0,"menu_order":0,"comment_status":"closed","ping_status":"closed","template":"elementor_header_footer","meta":{"_vp_format_video_url":"","_vp_image_focal_point":[],"footnotes":""},"class_list":["post-43","page","type-page","status-publish","hentry"],"yoast_head":"<!-- This site is optimized with the Yoast SEO plugin v27.5 - https:\/\/yoast.com\/product\/yoast-seo-wordpress\/ -->\n<title>O mne - Pavol Nov\u00e1k<\/title>\n<meta name=\"description\" content=\"The team that brings energy everywhere. They help you build your home, business or warehouse using energy panels.\" \/>\n<meta name=\"robots\" content=\"index, follow, max-snippet:-1, max-image-preview:large, max-video-preview:-1\" \/>\n<link rel=\"canonical\" href=\"https:\/\/pavolnovak.com\/sk\/landscapes\/kontakt\/\" \/>\n<meta property=\"og:locale\" content=\"en_US\" \/>\n<meta property=\"og:type\" content=\"article\" \/>\n<meta property=\"og:title\" content=\"O mne - Pavol Nov\u00e1k\" \/>\n<meta property=\"og:description\" content=\"The team that brings energy everywhere. They help you build your home, business or warehouse using energy panels.\" \/>\n<meta property=\"og:url\" content=\"https:\/\/pavolnovak.com\/sk\/landscapes\/kontakt\/\" \/>\n<meta property=\"og:site_name\" content=\"Pavol Nov\u00e1k\" \/>\n<meta property=\"article:modified_time\" content=\"2023-08-22T19:37:46+00:00\" \/>\n<meta name=\"twitter:card\" content=\"summary_large_image\" \/>\n<meta name=\"twitter:image\" content=\"https:\/\/demo.themeisle.com\/hestia-energy-panels\/wp-content\/uploads\/sites\/157\/2018\/10\/neve-energy-about-twitter.jpg\" \/>\n<meta name=\"twitter:label1\" content=\"Est. reading time\" \/>\n\t<meta name=\"twitter:data1\" content=\"2 minutes\" \/>\n<script type=\"application\/ld+json\" class=\"yoast-schema-graph\">{\"@context\":\"https:\\\/\\\/schema.org\",\"@graph\":[{\"@type\":\"WebPage\",\"@id\":\"https:\\\/\\\/pavolnovak.com\\\/sk\\\/landscapes\\\/kontakt\\\/\",\"url\":\"https:\\\/\\\/pavolnovak.com\\\/sk\\\/landscapes\\\/kontakt\\\/\",\"name\":\"O mne - Pavol Nov\u00e1k\",\"isPartOf\":{\"@id\":\"https:\\\/\\\/pavolnovak.com\\\/sk\\\/landscapes\\\/#website\"},\"primaryImageOfPage\":{\"@id\":\"https:\\\/\\\/pavolnovak.com\\\/sk\\\/landscapes\\\/kontakt\\\/#primaryimage\"},\"image\":{\"@id\":\"https:\\\/\\\/pavolnovak.com\\\/sk\\\/landscapes\\\/kontakt\\\/#primaryimage\"},\"thumbnailUrl\":\"http:\\\/\\\/pavolnovak.com\\\/sk\\\/landscapes\\\/wp-content\\\/uploads\\\/sites\\\/2\\\/2020\\\/03\\\/profile2-300x300.png\",\"datePublished\":\"2018-07-09T09:14:43+00:00\",\"dateModified\":\"2023-08-22T19:37:46+00:00\",\"description\":\"The team that brings energy everywhere. They help you build your home, business or warehouse using energy panels.\",\"breadcrumb\":{\"@id\":\"https:\\\/\\\/pavolnovak.com\\\/sk\\\/landscapes\\\/kontakt\\\/#breadcrumb\"},\"inLanguage\":\"en-US\",\"potentialAction\":[{\"@type\":\"ReadAction\",\"target\":[\"https:\\\/\\\/pavolnovak.com\\\/sk\\\/landscapes\\\/kontakt\\\/\"]}]},{\"@type\":\"ImageObject\",\"inLanguage\":\"en-US\",\"@id\":\"https:\\\/\\\/pavolnovak.com\\\/sk\\\/landscapes\\\/kontakt\\\/#primaryimage\",\"url\":\"http:\\\/\\\/pavolnovak.com\\\/sk\\\/landscapes\\\/wp-content\\\/uploads\\\/sites\\\/2\\\/2020\\\/03\\\/profile2-300x300.png\",\"contentUrl\":\"http:\\\/\\\/pavolnovak.com\\\/sk\\\/landscapes\\\/wp-content\\\/uploads\\\/sites\\\/2\\\/2020\\\/03\\\/profile2-300x300.png\"},{\"@type\":\"BreadcrumbList\",\"@id\":\"https:\\\/\\\/pavolnovak.com\\\/sk\\\/landscapes\\\/kontakt\\\/#breadcrumb\",\"itemListElement\":[{\"@type\":\"ListItem\",\"position\":1,\"name\":\"Home\",\"item\":\"https:\\\/\\\/pavolnovak.com\\\/sk\\\/landscapes\\\/\"},{\"@type\":\"ListItem\",\"position\":2,\"name\":\"O mne\"}]},{\"@type\":\"WebSite\",\"@id\":\"https:\\\/\\\/pavolnovak.com\\\/sk\\\/landscapes\\\/#website\",\"url\":\"https:\\\/\\\/pavolnovak.com\\\/sk\\\/landscapes\\\/\",\"name\":\"Pavol Nov\u00e1k\",\"description\":\"Landscape photography\",\"potentialAction\":[{\"@type\":\"SearchAction\",\"target\":{\"@type\":\"EntryPoint\",\"urlTemplate\":\"https:\\\/\\\/pavolnovak.com\\\/sk\\\/landscapes\\\/?s={search_term_string}\"},\"query-input\":{\"@type\":\"PropertyValueSpecification\",\"valueRequired\":true,\"valueName\":\"search_term_string\"}}],\"inLanguage\":\"en-US\"}]}<\/script>\n<!-- \/ Yoast SEO plugin. -->","yoast_head_json":{"title":"O mne - Pavol Nov\u00e1k","description":"The team that brings energy everywhere. They help you build your home, business or warehouse using energy panels.","robots":{"index":"index","follow":"follow","max-snippet":"max-snippet:-1","max-image-preview":"max-image-preview:large","max-video-preview":"max-video-preview:-1"},"canonical":"https:\/\/pavolnovak.com\/sk\/landscapes\/kontakt\/","og_locale":"en_US","og_type":"article","og_title":"O mne - Pavol Nov\u00e1k","og_description":"The team that brings energy everywhere. They help you build your home, business or warehouse using energy panels.","og_url":"https:\/\/pavolnovak.com\/sk\/landscapes\/kontakt\/","og_site_name":"Pavol Nov\u00e1k","article_modified_time":"2023-08-22T19:37:46+00:00","twitter_card":"summary_large_image","twitter_image":"https:\/\/demo.themeisle.com\/hestia-energy-panels\/wp-content\/uploads\/sites\/157\/2018\/10\/neve-energy-about-twitter.jpg","twitter_misc":{"Est. reading time":"2 minutes"},"schema":{"@context":"https:\/\/schema.org","@graph":[{"@type":"WebPage","@id":"https:\/\/pavolnovak.com\/sk\/landscapes\/kontakt\/","url":"https:\/\/pavolnovak.com\/sk\/landscapes\/kontakt\/","name":"O mne - Pavol Nov\u00e1k","isPartOf":{"@id":"https:\/\/pavolnovak.com\/sk\/landscapes\/#website"},"primaryImageOfPage":{"@id":"https:\/\/pavolnovak.com\/sk\/landscapes\/kontakt\/#primaryimage"},"image":{"@id":"https:\/\/pavolnovak.com\/sk\/landscapes\/kontakt\/#primaryimage"},"thumbnailUrl":"http:\/\/pavolnovak.com\/sk\/landscapes\/wp-content\/uploads\/sites\/2\/2020\/03\/profile2-300x300.png","datePublished":"2018-07-09T09:14:43+00:00","dateModified":"2023-08-22T19:37:46+00:00","description":"The team that brings energy everywhere. They help you build your home, business or warehouse using energy panels.","breadcrumb":{"@id":"https:\/\/pavolnovak.com\/sk\/landscapes\/kontakt\/#breadcrumb"},"inLanguage":"en-US","potentialAction":[{"@type":"ReadAction","target":["https:\/\/pavolnovak.com\/sk\/landscapes\/kontakt\/"]}]},{"@type":"ImageObject","inLanguage":"en-US","@id":"https:\/\/pavolnovak.com\/sk\/landscapes\/kontakt\/#primaryimage","url":"http:\/\/pavolnovak.com\/sk\/landscapes\/wp-content\/uploads\/sites\/2\/2020\/03\/profile2-300x300.png","contentUrl":"http:\/\/pavolnovak.com\/sk\/landscapes\/wp-content\/uploads\/sites\/2\/2020\/03\/profile2-300x300.png"},{"@type":"BreadcrumbList","@id":"https:\/\/pavolnovak.com\/sk\/landscapes\/kontakt\/#breadcrumb","itemListElement":[{"@type":"ListItem","position":1,"name":"Home","item":"https:\/\/pavolnovak.com\/sk\/landscapes\/"},{"@type":"ListItem","position":2,"name":"O mne"}]},{"@type":"WebSite","@id":"https:\/\/pavolnovak.com\/sk\/landscapes\/#website","url":"https:\/\/pavolnovak.com\/sk\/landscapes\/","name":"Pavol Nov\u00e1k","description":"Landscape photography","potentialAction":[{"@type":"SearchAction","target":{"@type":"EntryPoint","urlTemplate":"https:\/\/pavolnovak.com\/sk\/landscapes\/?s={search_term_string}"},"query-input":{"@type":"PropertyValueSpecification","valueRequired":true,"valueName":"search_term_string"}}],"inLanguage":"en-US"}]}},"_links":{"self":[{"href":"https:\/\/pavolnovak.com\/sk\/landscapes\/wp-json\/wp\/v2\/pages\/43","targetHints":{"allow":["GET"]}}],"collection":[{"href":"https:\/\/pavolnovak.com\/sk\/landscapes\/wp-json\/wp\/v2\/pages"}],"about":[{"href":"https:\/\/pavolnovak.com\/sk\/landscapes\/wp-json\/wp\/v2\/types\/page"}],"author":[{"embeddable":true,"href":"https:\/\/pavolnovak.com\/sk\/landscapes\/wp-json\/wp\/v2\/users\/1"}],"replies":[{"embeddable":true,"href":"https:\/\/pavolnovak.com\/sk\/landscapes\/wp-json\/wp\/v2\/comments?post=43"}],"version-history":[{"count":6,"href":"https:\/\/pavolnovak.com\/sk\/landscapes\/wp-json\/wp\/v2\/pages\/43\/revisions"}],"predecessor-version":[{"id":835,"href":"https:\/\/pavolnovak.com\/sk\/landscapes\/wp-json\/wp\/v2\/pages\/43\/revisions\/835"}],"wp:attachment":[{"href":"https:\/\/pavolnovak.com\/sk\/landscapes\/wp-json\/wp\/v2\/media?parent=43"}],"curies":[{"name":"wp","href":"https:\/\/api.w.org\/{rel}","templated":true}]}}