{"id":1333,"date":"2021-08-20T08:33:26","date_gmt":"2021-08-20T06:33:26","guid":{"rendered":"https:\/\/pavolnovak.com\/sk\/?page_id=1333"},"modified":"2022-12-16T14:55:16","modified_gmt":"2022-12-16T13:55:16","slug":"svadobne-pribehy","status":"publish","type":"page","link":"https:\/\/pavolnovak.com\/sk\/svadobne-pribehy\/","title":{"rendered":"Svadobn\u00e9 pr\u00edbehy"},"content":{"rendered":"<div class=\"wp-block-visual-portfolio\">\n<div class=\"vp-portfolio vp-uid-549f7812 vp-id-1g6BGa\"\n\tdata-vp-layout=\"masonry\" data-vp-content-source=\"post-based\" data-vp-items-style=\"fade\" data-vp-items-click-action=\"url\" data-vp-items-gap=\"15\" data-vp-items-gap-vertical=\"\" data-vp-pagination=\"infinite\" data-vp-next-page-url=\"\" data-vp-masonry-columns=\"3\" >\n\t<div class=\"vp-portfolio__preloader-wrap\">\n\t\t<div class=\"vp-portfolio__preloader\">\n\t\t\t<img decoding=\"async\" loading=\"eager\" src=\"https:\/\/pavolnovak.com\/sk\/wp-content\/plugins\/visual-portfolio\/assets\/images\/logo-dark.svg\" alt=\"Visual Portfolio, Posts &amp; Image Gallery for WordPress\" width=\"20\" height=\"20\" data-skip-lazy>\n\t\t<\/div>\n\t<\/div>\n\t\t<div class=\"vp-portfolio__items-wrap\">\n\t\t\t\n<div class=\"vp-portfolio__items vp-portfolio__items-style-fade vp-portfolio__items-show-overlay-hover\">\n\n\t\t<article\t\tclass=\"vp-portfolio__item-wrap post-1595 portfolio type-portfolio status-publish format-standard has-post-thumbnail hentry portfolio_category-1-stories vp-portfolio__item-uid-5903fa9e\" data-vp-filter=\"1-stories\" \t\t>\n\t\t\t\t\t\t\t\t\t<figure class=\"vp-portfolio__item\">\n\t\t\t\t\n<div class=\"vp-portfolio__item-img-wrap\">\n\t<div class=\"vp-portfolio__item-img\">\n\t\t\t<a\n\t\thref=\"https:\/\/pavolnovak.com\/sk\/svadobne-pribehy-2\/lucia-jordi\/\"\n\t\taria-label=\"Lucia &#038; Jordi\" \t>\n\t\n\t\t<noscript><img fetchpriority=\"high\" decoding=\"async\" width=\"1200\" height=\"800\" data-skip-lazy src=\"https:\/\/pavolnovak.com\/sk\/wp-content\/uploads\/2022\/02\/LJ-033.jpg\" class=\"wp-image-1480\" alt=\"\" srcset=\"https:\/\/pavolnovak.com\/sk\/wp-content\/uploads\/2022\/02\/LJ-033.jpg 1200w, https:\/\/pavolnovak.com\/sk\/wp-content\/uploads\/2022\/02\/LJ-033-500x333.jpg 500w, https:\/\/pavolnovak.com\/sk\/wp-content\/uploads\/2022\/02\/LJ-033-800x533.jpg 800w\" sizes=\"(max-width: 1200px) 100vw, 1200px\" \/><\/noscript><img decoding=\"async\" width=\"1200\" height=\"800\" src=\"https:\/\/pavolnovak.com\/sk\/wp-content\/uploads\/2022\/02\/LJ-033.jpg\" class=\"wp-image-1480 vp-lazyload\" alt srcset=\"data:image\/svg+xml;base64,PHN2ZyB3aWR0aD0iMTIwMCIgaGVpZ2h0PSI4MDAiIHZpZXdCb3g9IjAgMCAxMjAwIDgwMCIgZmlsbD0ibm9uZSIgeG1sbnM9Imh0dHA6Ly93d3cudzMub3JnLzIwMDAvc3ZnIj48L3N2Zz4=\" data-src=\"https:\/\/pavolnovak.com\/sk\/wp-content\/uploads\/2022\/02\/LJ-033.jpg\" data-srcset=\"https:\/\/pavolnovak.com\/sk\/wp-content\/uploads\/2022\/02\/LJ-033.jpg 1200w, https:\/\/pavolnovak.com\/sk\/wp-content\/uploads\/2022\/02\/LJ-033-500x333.jpg 500w, https:\/\/pavolnovak.com\/sk\/wp-content\/uploads\/2022\/02\/LJ-033-800x533.jpg 800w\" data-sizes=\"auto\" loading=\"eager\">\n\t\t<\/a>\t<\/div>\n<\/div>\n\t<figcaption class=\"vp-portfolio__item-overlay vp-portfolio__item-overlay-text-align-center\">\n\t\t<div class=\"vp-portfolio__item-meta-wrap vp-portfolio__custom-scrollbar\">\n\t\t\t\t<a\n\t\thref=\"https:\/\/pavolnovak.com\/sk\/svadobne-pribehy-2\/lucia-jordi\/\"\n\t\ttabindex=\"-1\" class=\"vp-portfolio__item-meta\" aria-label=\"Lucia &#038; Jordi\" \t>\n\t\n<h2 class=\"vp-portfolio__item-meta-title\">\n\tLucia &#038; Jordi<\/h2>\n<\/a>\t\t<\/div>\n\t<\/figcaption>\n\t\t\t<\/figure>\n\t\t\t\t\t<\/article>\n\t\t\n\t\t<article\t\tclass=\"vp-portfolio__item-wrap post-1358 portfolio type-portfolio status-publish format-standard has-post-thumbnail hentry portfolio_category-1-stories vp-portfolio__item-uid-8f8ab59d\" data-vp-filter=\"1-stories\" \t\t>\n\t\t\t\t\t\t\t\t\t<figure class=\"vp-portfolio__item\">\n\t\t\t\t\n<div class=\"vp-portfolio__item-img-wrap\">\n\t<div class=\"vp-portfolio__item-img\">\n\t\t\t<a\n\t\thref=\"https:\/\/pavolnovak.com\/sk\/svadobne-pribehy-2\/slavomira-lukas\/\"\n\t\taria-label=\"Slavom\u00edra &#038; Luk\u00e1\u0161\" \t>\n\t\n\t\t<noscript><img decoding=\"async\" width=\"800\" height=\"1200\" data-skip-lazy src=\"https:\/\/pavolnovak.com\/sk\/wp-content\/uploads\/2021\/12\/SL-010.jpg\" class=\"wp-image-1368\" alt=\"\" srcset=\"https:\/\/pavolnovak.com\/sk\/wp-content\/uploads\/2021\/12\/SL-010.jpg 800w, https:\/\/pavolnovak.com\/sk\/wp-content\/uploads\/2021\/12\/SL-010-500x750.jpg 500w\" sizes=\"(max-width: 800px) 100vw, 800px\" \/><\/noscript><img decoding=\"async\" width=\"800\" height=\"1200\" src=\"https:\/\/pavolnovak.com\/sk\/wp-content\/uploads\/2021\/12\/SL-010.jpg\" class=\"wp-image-1368 vp-lazyload\" alt srcset=\"data:image\/svg+xml;base64,PHN2ZyB3aWR0aD0iODAwIiBoZWlnaHQ9IjEyMDAiIHZpZXdCb3g9IjAgMCA4MDAgMTIwMCIgZmlsbD0ibm9uZSIgeG1sbnM9Imh0dHA6Ly93d3cudzMub3JnLzIwMDAvc3ZnIj48L3N2Zz4=\" data-src=\"https:\/\/pavolnovak.com\/sk\/wp-content\/uploads\/2021\/12\/SL-010.jpg\" data-srcset=\"https:\/\/pavolnovak.com\/sk\/wp-content\/uploads\/2021\/12\/SL-010.jpg 800w, https:\/\/pavolnovak.com\/sk\/wp-content\/uploads\/2021\/12\/SL-010-500x750.jpg 500w\" data-sizes=\"auto\" loading=\"eager\">\n\t\t<\/a>\t<\/div>\n<\/div>\n\t<figcaption class=\"vp-portfolio__item-overlay vp-portfolio__item-overlay-text-align-center\">\n\t\t<div class=\"vp-portfolio__item-meta-wrap vp-portfolio__custom-scrollbar\">\n\t\t\t\t<a\n\t\thref=\"https:\/\/pavolnovak.com\/sk\/svadobne-pribehy-2\/slavomira-lukas\/\"\n\t\ttabindex=\"-1\" class=\"vp-portfolio__item-meta\" aria-label=\"Slavom\u00edra &#038; Luk\u00e1\u0161\" \t>\n\t\n<h2 class=\"vp-portfolio__item-meta-title\">\n\tSlavom\u00edra &#038; Luk\u00e1\u0161<\/h2>\n<\/a>\t\t<\/div>\n\t<\/figcaption>\n\t\t\t<\/figure>\n\t\t\t\t\t<\/article>\n\t\t\n\t\t<article\t\tclass=\"vp-portfolio__item-wrap post-1335 portfolio type-portfolio status-publish format-standard has-post-thumbnail hentry portfolio_category-1-stories vp-portfolio__item-uid-a7616ea6\" data-vp-filter=\"1-stories\" \t\t>\n\t\t\t\t\t\t\t\t\t<figure class=\"vp-portfolio__item\">\n\t\t\t\t\n<div class=\"vp-portfolio__item-img-wrap\">\n\t<div class=\"vp-portfolio__item-img\">\n\t\t\t<a\n\t\thref=\"https:\/\/pavolnovak.com\/sk\/svadobne-pribehy-2\/evka-michal\/\"\n\t\taria-label=\"Evka &#038; Michal\" \t>\n\t\n\t\t<noscript><img decoding=\"async\" width=\"800\" height=\"1200\" data-skip-lazy src=\"https:\/\/pavolnovak.com\/sk\/wp-content\/uploads\/2021\/06\/EM_web-071.jpg\" class=\"wp-image-1302\" alt=\"\" srcset=\"https:\/\/pavolnovak.com\/sk\/wp-content\/uploads\/2021\/06\/EM_web-071.jpg 800w, https:\/\/pavolnovak.com\/sk\/wp-content\/uploads\/2021\/06\/EM_web-071-500x750.jpg 500w\" sizes=\"(max-width: 800px) 100vw, 800px\" \/><\/noscript><img decoding=\"async\" width=\"800\" height=\"1200\" src=\"https:\/\/pavolnovak.com\/sk\/wp-content\/uploads\/2021\/06\/EM_web-071.jpg\" class=\"wp-image-1302 vp-lazyload\" alt srcset=\"data:image\/svg+xml;base64,PHN2ZyB3aWR0aD0iODAwIiBoZWlnaHQ9IjEyMDAiIHZpZXdCb3g9IjAgMCA4MDAgMTIwMCIgZmlsbD0ibm9uZSIgeG1sbnM9Imh0dHA6Ly93d3cudzMub3JnLzIwMDAvc3ZnIj48L3N2Zz4=\" data-src=\"https:\/\/pavolnovak.com\/sk\/wp-content\/uploads\/2021\/06\/EM_web-071.jpg\" data-srcset=\"https:\/\/pavolnovak.com\/sk\/wp-content\/uploads\/2021\/06\/EM_web-071.jpg 800w, https:\/\/pavolnovak.com\/sk\/wp-content\/uploads\/2021\/06\/EM_web-071-500x750.jpg 500w\" data-sizes=\"auto\" loading=\"eager\">\n\t\t<\/a>\t<\/div>\n<\/div>\n\t<figcaption class=\"vp-portfolio__item-overlay vp-portfolio__item-overlay-text-align-center\">\n\t\t<div class=\"vp-portfolio__item-meta-wrap vp-portfolio__custom-scrollbar\">\n\t\t\t\t<a\n\t\thref=\"https:\/\/pavolnovak.com\/sk\/svadobne-pribehy-2\/evka-michal\/\"\n\t\ttabindex=\"-1\" class=\"vp-portfolio__item-meta\" aria-label=\"Evka &#038; Michal\" \t>\n\t\n<h2 class=\"vp-portfolio__item-meta-title\">\n\tEvka &#038; Michal<\/h2>\n<\/a>\t\t<\/div>\n\t<\/figcaption>\n\t\t\t<\/figure>\n\t\t\t\t\t<\/article>\n\t\t\n\t\t<article\t\tclass=\"vp-portfolio__item-wrap post-1338 portfolio type-portfolio status-publish format-standard has-post-thumbnail hentry portfolio_category-1-stories vp-portfolio__item-uid-d9d0121b\" data-vp-filter=\"1-stories\" \t\t>\n\t\t\t\t\t\t\t\t\t<figure class=\"vp-portfolio__item\">\n\t\t\t\t\n<div class=\"vp-portfolio__item-img-wrap\">\n\t<div class=\"vp-portfolio__item-img\">\n\t\t\t<a\n\t\thref=\"https:\/\/pavolnovak.com\/sk\/svadobne-pribehy-2\/nika-sebastian\/\"\n\t\taria-label=\"Nika &#038; Sebasti\u00e1n\" \t>\n\t\n\t\t<noscript><img loading=\"lazy\" decoding=\"async\" width=\"1200\" height=\"800\" data-skip-lazy src=\"https:\/\/pavolnovak.com\/sk\/wp-content\/uploads\/2021\/06\/NS_web-016.jpg\" class=\"wp-image-1076\" alt=\"\" srcset=\"https:\/\/pavolnovak.com\/sk\/wp-content\/uploads\/2021\/06\/NS_web-016.jpg 1200w, https:\/\/pavolnovak.com\/sk\/wp-content\/uploads\/2021\/06\/NS_web-016-500x333.jpg 500w, https:\/\/pavolnovak.com\/sk\/wp-content\/uploads\/2021\/06\/NS_web-016-800x533.jpg 800w\" sizes=\"(max-width: 1200px) 100vw, 1200px\" \/><\/noscript><img decoding=\"async\" width=\"1200\" height=\"800\" src=\"https:\/\/pavolnovak.com\/sk\/wp-content\/uploads\/2021\/06\/NS_web-016.jpg\" class=\"wp-image-1076 vp-lazyload\" alt srcset=\"data:image\/svg+xml;base64,PHN2ZyB3aWR0aD0iMTIwMCIgaGVpZ2h0PSI4MDAiIHZpZXdCb3g9IjAgMCAxMjAwIDgwMCIgZmlsbD0ibm9uZSIgeG1sbnM9Imh0dHA6Ly93d3cudzMub3JnLzIwMDAvc3ZnIj48L3N2Zz4=\" data-src=\"https:\/\/pavolnovak.com\/sk\/wp-content\/uploads\/2021\/06\/NS_web-016.jpg\" data-srcset=\"https:\/\/pavolnovak.com\/sk\/wp-content\/uploads\/2021\/06\/NS_web-016.jpg 1200w, https:\/\/pavolnovak.com\/sk\/wp-content\/uploads\/2021\/06\/NS_web-016-500x333.jpg 500w, https:\/\/pavolnovak.com\/sk\/wp-content\/uploads\/2021\/06\/NS_web-016-800x533.jpg 800w\" data-sizes=\"auto\" loading=\"eager\">\n\t\t<\/a>\t<\/div>\n<\/div>\n\t<figcaption class=\"vp-portfolio__item-overlay vp-portfolio__item-overlay-text-align-center\">\n\t\t<div class=\"vp-portfolio__item-meta-wrap vp-portfolio__custom-scrollbar\">\n\t\t\t\t<a\n\t\thref=\"https:\/\/pavolnovak.com\/sk\/svadobne-pribehy-2\/nika-sebastian\/\"\n\t\ttabindex=\"-1\" class=\"vp-portfolio__item-meta\" aria-label=\"Nika &#038; Sebasti\u00e1n\" \t>\n\t\n<h2 class=\"vp-portfolio__item-meta-title\">\n\tNika &#038; Sebasti\u00e1n<\/h2>\n<\/a>\t\t<\/div>\n\t<\/figcaption>\n\t\t\t<\/figure>\n\t\t\t\t\t<\/article>\n\t\t\n<\/div>\n\t\t<\/div>\n\t\t\t\t<div class=\"vp-portfolio__layout-elements vp-portfolio__layout-elements-bottom vp-portfolio__layout-elements-align-center\">\n\t\t\t\t<div class=\"vp-portfolio__pagination-wrap\">\n\t\t\t\t<\/div>\n\t\t\t\t<\/div>\n\t\t\n<\/div>\n<\/div>","protected":false},"excerpt":{"rendered":"","protected":false},"author":1,"featured_media":0,"parent":0,"menu_order":0,"comment_status":"closed","ping_status":"closed","template":"template-page-builder.php","meta":{"_vp_format_video_url":"","_vp_image_focal_point":[],"footnotes":""},"class_list":["post-1333","page","type-page","status-publish","hentry"],"yoast_head":"<!-- This site is optimized with the Yoast SEO plugin v27.5 - https:\/\/yoast.com\/product\/yoast-seo-wordpress\/ -->\n<title>Svadobn\u00e9 pr\u00edbehy - Pavol Nov\u00e1k<\/title>\n<meta name=\"robots\" content=\"index, follow, max-snippet:-1, max-image-preview:large, max-video-preview:-1\" \/>\n<link rel=\"canonical\" href=\"https:\/\/pavolnovak.com\/sk\/svadobne-pribehy\/\" \/>\n<meta property=\"og:locale\" content=\"en_US\" \/>\n<meta property=\"og:type\" content=\"article\" \/>\n<meta property=\"og:title\" content=\"Svadobn\u00e9 pr\u00edbehy - Pavol Nov\u00e1k\" \/>\n<meta property=\"og:url\" content=\"https:\/\/pavolnovak.com\/sk\/svadobne-pribehy\/\" \/>\n<meta property=\"og:site_name\" content=\"Pavol Nov\u00e1k\" \/>\n<meta property=\"article:modified_time\" content=\"2022-12-16T13:55:16+00:00\" \/>\n<meta name=\"twitter:card\" content=\"summary_large_image\" \/>\n<script type=\"application\/ld+json\" class=\"yoast-schema-graph\">{\"@context\":\"https:\\\/\\\/schema.org\",\"@graph\":[{\"@type\":\"WebPage\",\"@id\":\"https:\\\/\\\/pavolnovak.com\\\/sk\\\/svadobne-pribehy\\\/\",\"url\":\"https:\\\/\\\/pavolnovak.com\\\/sk\\\/svadobne-pribehy\\\/\",\"name\":\"Svadobn\u00e9 pr\u00edbehy - Pavol Nov\u00e1k\",\"isPartOf\":{\"@id\":\"https:\\\/\\\/pavolnovak.com\\\/sk\\\/#website\"},\"datePublished\":\"2021-08-20T06:33:26+00:00\",\"dateModified\":\"2022-12-16T13:55:16+00:00\",\"breadcrumb\":{\"@id\":\"https:\\\/\\\/pavolnovak.com\\\/sk\\\/svadobne-pribehy\\\/#breadcrumb\"},\"inLanguage\":\"en-US\",\"potentialAction\":[{\"@type\":\"ReadAction\",\"target\":[\"https:\\\/\\\/pavolnovak.com\\\/sk\\\/svadobne-pribehy\\\/\"]}]},{\"@type\":\"BreadcrumbList\",\"@id\":\"https:\\\/\\\/pavolnovak.com\\\/sk\\\/svadobne-pribehy\\\/#breadcrumb\",\"itemListElement\":[{\"@type\":\"ListItem\",\"position\":1,\"name\":\"Home\",\"item\":\"https:\\\/\\\/pavolnovak.com\\\/sk\\\/\"},{\"@type\":\"ListItem\",\"position\":2,\"name\":\"Svadobn\u00e9 pr\u00edbehy\"}]},{\"@type\":\"WebSite\",\"@id\":\"https:\\\/\\\/pavolnovak.com\\\/sk\\\/#website\",\"url\":\"https:\\\/\\\/pavolnovak.com\\\/sk\\\/\",\"name\":\"Pavol Nov\u00e1k\",\"description\":\"Wedding &amp; Portrait Photography\",\"potentialAction\":[{\"@type\":\"SearchAction\",\"target\":{\"@type\":\"EntryPoint\",\"urlTemplate\":\"https:\\\/\\\/pavolnovak.com\\\/sk\\\/?s={search_term_string}\"},\"query-input\":{\"@type\":\"PropertyValueSpecification\",\"valueRequired\":true,\"valueName\":\"search_term_string\"}}],\"inLanguage\":\"en-US\"}]}<\/script>\n<!-- \/ Yoast SEO plugin. -->","yoast_head_json":{"title":"Svadobn\u00e9 pr\u00edbehy - Pavol Nov\u00e1k","robots":{"index":"index","follow":"follow","max-snippet":"max-snippet:-1","max-image-preview":"max-image-preview:large","max-video-preview":"max-video-preview:-1"},"canonical":"https:\/\/pavolnovak.com\/sk\/svadobne-pribehy\/","og_locale":"en_US","og_type":"article","og_title":"Svadobn\u00e9 pr\u00edbehy - Pavol Nov\u00e1k","og_url":"https:\/\/pavolnovak.com\/sk\/svadobne-pribehy\/","og_site_name":"Pavol Nov\u00e1k","article_modified_time":"2022-12-16T13:55:16+00:00","twitter_card":"summary_large_image","schema":{"@context":"https:\/\/schema.org","@graph":[{"@type":"WebPage","@id":"https:\/\/pavolnovak.com\/sk\/svadobne-pribehy\/","url":"https:\/\/pavolnovak.com\/sk\/svadobne-pribehy\/","name":"Svadobn\u00e9 pr\u00edbehy - Pavol Nov\u00e1k","isPartOf":{"@id":"https:\/\/pavolnovak.com\/sk\/#website"},"datePublished":"2021-08-20T06:33:26+00:00","dateModified":"2022-12-16T13:55:16+00:00","breadcrumb":{"@id":"https:\/\/pavolnovak.com\/sk\/svadobne-pribehy\/#breadcrumb"},"inLanguage":"en-US","potentialAction":[{"@type":"ReadAction","target":["https:\/\/pavolnovak.com\/sk\/svadobne-pribehy\/"]}]},{"@type":"BreadcrumbList","@id":"https:\/\/pavolnovak.com\/sk\/svadobne-pribehy\/#breadcrumb","itemListElement":[{"@type":"ListItem","position":1,"name":"Home","item":"https:\/\/pavolnovak.com\/sk\/"},{"@type":"ListItem","position":2,"name":"Svadobn\u00e9 pr\u00edbehy"}]},{"@type":"WebSite","@id":"https:\/\/pavolnovak.com\/sk\/#website","url":"https:\/\/pavolnovak.com\/sk\/","name":"Pavol Nov\u00e1k","description":"Wedding &amp; Portrait Photography","potentialAction":[{"@type":"SearchAction","target":{"@type":"EntryPoint","urlTemplate":"https:\/\/pavolnovak.com\/sk\/?s={search_term_string}"},"query-input":{"@type":"PropertyValueSpecification","valueRequired":true,"valueName":"search_term_string"}}],"inLanguage":"en-US"}]}},"_links":{"self":[{"href":"https:\/\/pavolnovak.com\/sk\/wp-json\/wp\/v2\/pages\/1333","targetHints":{"allow":["GET"]}}],"collection":[{"href":"https:\/\/pavolnovak.com\/sk\/wp-json\/wp\/v2\/pages"}],"about":[{"href":"https:\/\/pavolnovak.com\/sk\/wp-json\/wp\/v2\/types\/page"}],"author":[{"embeddable":true,"href":"https:\/\/pavolnovak.com\/sk\/wp-json\/wp\/v2\/users\/1"}],"replies":[{"embeddable":true,"href":"https:\/\/pavolnovak.com\/sk\/wp-json\/wp\/v2\/comments?post=1333"}],"version-history":[{"count":0,"href":"https:\/\/pavolnovak.com\/sk\/wp-json\/wp\/v2\/pages\/1333\/revisions"}],"wp:attachment":[{"href":"https:\/\/pavolnovak.com\/sk\/wp-json\/wp\/v2\/media?parent=1333"}],"curies":[{"name":"wp","href":"https:\/\/api.w.org\/{rel}","templated":true}]}}