{"id":697,"date":"2020-03-03T19:15:45","date_gmt":"2020-03-03T18:15:45","guid":{"rendered":"http:\/\/pavolnovak.com\/sk\/?page_id=697"},"modified":"2026-03-12T12:07:41","modified_gmt":"2026-03-12T11:07:41","slug":"kontakt","status":"publish","type":"page","link":"https:\/\/pavolnovak.com\/sk\/kontakt\/","title":{"rendered":"Kontakt"},"content":{"rendered":"\t\t<div data-elementor-type=\"wp-page\" data-elementor-id=\"697\" class=\"elementor elementor-697\">\n\t\t\t\t\t\t<section class=\"elementor-section elementor-top-section elementor-element elementor-element-36287fa elementor-section-boxed elementor-section-height-default elementor-section-height-default\" data-id=\"36287fa\" data-element_type=\"section\" data-e-type=\"section\" data-settings=\"{&quot;background_background&quot;:&quot;classic&quot;}\">\n\t\t\t\t\t\t<div class=\"elementor-container elementor-column-gap-default\">\n\t\t\t\t\t<div class=\"elementor-column elementor-col-25 elementor-top-column elementor-element elementor-element-90ce5cc\" data-id=\"90ce5cc\" data-element_type=\"column\" data-e-type=\"column\">\n\t\t\t<div class=\"elementor-widget-wrap\">\n\t\t\t\t\t\t\t<\/div>\n\t\t<\/div>\n\t\t\t\t<div class=\"elementor-column elementor-col-50 elementor-top-column elementor-element elementor-element-63d8c81 elementor-invisible\" data-id=\"63d8c81\" data-element_type=\"column\" data-e-type=\"column\" data-settings=\"{&quot;background_background&quot;:&quot;classic&quot;,&quot;animation&quot;:&quot;fadeIn&quot;}\">\n\t\t\t<div class=\"elementor-widget-wrap elementor-element-populated\">\n\t\t\t\t\t\t<div class=\"elementor-element elementor-element-b9600f3 elementor-invisible elementor-widget elementor-widget-text-editor\" data-id=\"b9600f3\" data-element_type=\"widget\" data-e-type=\"widget\" data-settings=\"{&quot;_animation&quot;:&quot;fadeIn&quot;}\" data-widget_type=\"text-editor.default\">\n\t\t\t\t<div class=\"elementor-widget-container\">\n\t\t\t\t\t\t\t\t\t<div id=\"wp-block-themeisle-blocks-advanced-column-48ef8968\" class=\"wp-block-themeisle-blocks-advanced-column\" style=\"border-radius: 0px; border: 0px solid #000000;\"><h4>Som Pavol,<\/h4><p>fotografii sa venujem pribli\u017ene od roku 2007. S po\u010diatku to bolo iba h\u013eadanie \u010do funguje a \u010do nefunguje met\u00f3dou pokus \u2013 omyl. U\u010denie sa a kopec \u0161pekulovania. Ale som r\u00e1d, \u017ee som si t\u00fdm pre\u0161iel. Nau\u010dil som sa popri tom ve\u013emi ve\u013ea.<\/p><p>V tejto dobe sa najviac venujem svadobnej fotografii, fotografovaniu rod\u00edn, repor\u00e1\u017e\u00ed a v neposlednom rade aj krajink\u00e1rskej fotografii. Ako aj pre mnoh\u00fdch in\u00fdch fotografov, je aj pre m\u0148a na foten\u00ed najkraj\u0161ie to, ke\u010f \u010dak\u00e1m a v h\u013ead\u00e1\u010diku sledujem ako plynie \u010das. Je iba na mne, kedy stla\u010d\u00edm sp\u00fa\u0161\u0165 a pr\u00e1ve tento moment sa st\u00e1va obr\u00e1zkom.<\/p><p>Zachyti\u0165 ten spr\u00e1vny moment je niekedy zlo\u017eitej\u0161ie ako sa zd\u00e1, no pre m\u0148a je ka\u017ed\u00e9 tak\u00e9 fotenie pr\u00edle\u017eitos\u0165ou ako sa posun\u00fa\u0165 a zlep\u0161i\u0165.<\/p><p>Nie som z\u00e1stancom presoftv\u00e9rovan\u00fdch fotiek, sna\u017e\u00edm sa, aby moje fotografie vyzerali prirodzene, aby si moji klienti nehovorili \u201eten vie pou\u017e\u00edva\u0165 asi v\u0161etky funkcie photoshopu\u201c, ale naopak, eliminovat \u010do najviac drastick\u00fd z\u00e1sah softv\u00e9ru a docieli\u0165 jednoduch\u00fa a prirodzen\u00fa fotku. Mojim cie\u013eom je, aby moje fotografie mali obsah, aby zachyt\u00e1vali ten prav\u00fd moment a hlavne, aby v\u00e1m prin\u00e1\u0161ali rados\u0165.<\/p><\/div>\t\t\t\t\t\t\t\t<\/div>\n\t\t\t\t<\/div>\n\t\t\t\t\t<\/div>\n\t\t<\/div>\n\t\t\t\t<div class=\"elementor-column elementor-col-25 elementor-top-column elementor-element elementor-element-2d43b2d\" data-id=\"2d43b2d\" data-element_type=\"column\" data-e-type=\"column\">\n\t\t\t<div class=\"elementor-widget-wrap\">\n\t\t\t\t\t\t\t<\/div>\n\t\t<\/div>\n\t\t\t\t\t<\/div>\n\t\t<\/section>\n\t\t\t\t<section class=\"elementor-section elementor-top-section elementor-element elementor-element-1c33c59 elementor-section-boxed elementor-section-height-default elementor-section-height-default\" data-id=\"1c33c59\" data-element_type=\"section\" data-e-type=\"section\">\n\t\t\t\t\t\t\t<div class=\"elementor-background-overlay\"><\/div>\n\t\t\t\t\t\t\t<div class=\"elementor-container elementor-column-gap-default\">\n\t\t\t\t\t<div class=\"elementor-column elementor-col-100 elementor-top-column elementor-element elementor-element-db7bbf1\" data-id=\"db7bbf1\" data-element_type=\"column\" data-e-type=\"column\" data-settings=\"{&quot;background_background&quot;:&quot;classic&quot;}\">\n\t\t\t<div class=\"elementor-widget-wrap elementor-element-populated\">\n\t\t\t\t\t\t<section class=\"elementor-section elementor-inner-section elementor-element elementor-element-4732908 elementor-section-boxed elementor-section-height-default elementor-section-height-default\" data-id=\"4732908\" data-element_type=\"section\" data-e-type=\"section\">\n\t\t\t\t\t\t<div class=\"elementor-container elementor-column-gap-default\">\n\t\t\t\t\t<div class=\"elementor-column elementor-col-50 elementor-inner-column elementor-element elementor-element-0b2a31f\" data-id=\"0b2a31f\" data-element_type=\"column\" data-e-type=\"column\">\n\t\t\t<div class=\"elementor-widget-wrap elementor-element-populated\">\n\t\t\t\t\t\t<div class=\"elementor-element elementor-element-1451788 elementor-position-top elementor-invisible elementor-widget elementor-widget-image-box\" data-id=\"1451788\" data-element_type=\"widget\" data-e-type=\"widget\" data-settings=\"{&quot;_animation&quot;:&quot;fadeIn&quot;,&quot;_animation_delay&quot;:300}\" data-widget_type=\"image-box.default\">\n\t\t\t\t<div class=\"elementor-widget-container\">\n\t\t\t\t\t<div class=\"elementor-image-box-wrapper\"><figure class=\"elementor-image-box-img\"><img fetchpriority=\"high\" decoding=\"async\" width=\"300\" height=\"300\" src=\"https:\/\/pavolnovak.com\/sk\/wp-content\/uploads\/2020\/03\/profile-300x300.png\" class=\"attachment-medium size-medium wp-image-753\" alt=\"\" srcset=\"https:\/\/pavolnovak.com\/sk\/wp-content\/uploads\/2020\/03\/profile-300x300.png 300w, https:\/\/pavolnovak.com\/sk\/wp-content\/uploads\/2020\/03\/profile-1024x1024.png 1024w, https:\/\/pavolnovak.com\/sk\/wp-content\/uploads\/2020\/03\/profile-150x150.png 150w, https:\/\/pavolnovak.com\/sk\/wp-content\/uploads\/2020\/03\/profile-768x768.png 768w, https:\/\/pavolnovak.com\/sk\/wp-content\/uploads\/2020\/03\/profile-500x500.png 500w, https:\/\/pavolnovak.com\/sk\/wp-content\/uploads\/2020\/03\/profile-800x800.png 800w, https:\/\/pavolnovak.com\/sk\/wp-content\/uploads\/2020\/03\/profile.png 1200w\" \/><\/figure><div class=\"elementor-image-box-content\"><h3 class=\"elementor-image-box-title\">Pavol Nov\u00e1k<\/h3><p class=\"elementor-image-box-description\">Tel:<br>+421 905 993400<br><br>e-mail:<br>info@pavolnovak.com<br><br>Ak sa v\u00e1m moja tvorba p\u00e1\u010di a radi by ste ma kontaktovali, nev\u00e1hajte vyu\u017ei\u0165 nasleduj\u00faci formul\u00e1r a odpoviem V\u00e1m hne\u010f, ako to bude mo\u017en\u00e9. B\u00fdvam a p\u00f4sob\u00edm hlavne v okol\u00ed \u017diliny, ale r\u00e1d vycestujem aj do in\u00fdch k\u00fatov.<\/p><\/div><\/div>\t\t\t\t<\/div>\n\t\t\t\t<\/div>\n\t\t\t\t<div class=\"elementor-element elementor-element-dcbe347 elementor-shape-circle elementor-grid-0 e-grid-align-center elementor-invisible elementor-widget elementor-widget-social-icons\" data-id=\"dcbe347\" data-element_type=\"widget\" data-e-type=\"widget\" data-settings=\"{&quot;_animation&quot;:&quot;fadeIn&quot;,&quot;_animation_delay&quot;:300}\" data-widget_type=\"social-icons.default\">\n\t\t\t\t<div class=\"elementor-widget-container\">\n\t\t\t\t\t\t\t<div class=\"elementor-social-icons-wrapper elementor-grid\" role=\"list\">\n\t\t\t\t\t\t\t<span class=\"elementor-grid-item\" role=\"listitem\">\n\t\t\t\t\t<a class=\"elementor-icon elementor-social-icon elementor-social-icon-facebook elementor-animation-grow elementor-repeater-item-5e0ecbd\" href=\"https:\/\/www.facebook.com\/pavolnovak.portraits\" target=\"_blank\">\n\t\t\t\t\t\t<span class=\"elementor-screen-only\">Facebook<\/span>\n\t\t\t\t\t\t<i aria-hidden=\"true\" class=\"fab fa-facebook\"><\/i>\t\t\t\t\t<\/a>\n\t\t\t\t<\/span>\n\t\t\t\t\t\t\t<span class=\"elementor-grid-item\" role=\"listitem\">\n\t\t\t\t\t<a class=\"elementor-icon elementor-social-icon elementor-social-icon-instagram elementor-animation-grow elementor-repeater-item-6aa3e69\" href=\"https:\/\/www.instagram.com\/pavolnovak.portraiture\/\" target=\"_blank\">\n\t\t\t\t\t\t<span class=\"elementor-screen-only\">Instagram<\/span>\n\t\t\t\t\t\t<i aria-hidden=\"true\" class=\"fab fa-instagram\"><\/i>\t\t\t\t\t<\/a>\n\t\t\t\t<\/span>\n\t\t\t\t\t<\/div>\n\t\t\t\t\t\t<\/div>\n\t\t\t\t<\/div>\n\t\t\t\t\t<\/div>\n\t\t<\/div>\n\t\t\t\t<div class=\"elementor-column elementor-col-50 elementor-inner-column elementor-element elementor-element-9932015 elementor-invisible\" data-id=\"9932015\" data-element_type=\"column\" data-e-type=\"column\" data-settings=\"{&quot;animation&quot;:&quot;fadeIn&quot;}\">\n\t\t\t<div class=\"elementor-widget-wrap elementor-element-populated\">\n\t\t\t\t\t\t<div class=\"elementor-element elementor-element-d3e996c elementor-invisible elementor-widget elementor-widget-content_form_contact\" data-id=\"d3e996c\" data-element_type=\"widget\" data-e-type=\"widget\" data-settings=\"{&quot;_animation&quot;:&quot;fadeIn&quot;,&quot;_animation_delay&quot;:1000}\" data-widget_type=\"content_form_contact.default\">\n\t\t\t\t<div class=\"elementor-widget-container\">\n\t\t\t\t\t<form action=\"https:\/\/pavolnovak.com\/sk\/wp-admin\/admin-post.php\" method=\"post\" name=\"content-form-d3e996c\" id=\"content-form-d3e996c\" class=\"ti-cf-module content-form content-form-contact content_form_contact\"><input type=\"hidden\" id=\"_wpnonce_contact\" name=\"_wpnonce_contact\" value=\"92bc47470e\" \/><input type=\"hidden\" name=\"_wp_http_referer\" value=\"\/sk\/kontakt\/\" \/><input type=\"hidden\" name=\"action\" value=\"content_form_submit\" \/><input type=\"hidden\" name=\"form-type\" value=\"contact\" \/><input type=\"hidden\" name=\"form-builder\" value=\"elementor\" \/><input type=\"hidden\" name=\"post-id\" value=\"697\" \/><input type=\"hidden\" name=\"form-id\" value=\"d3e996c\" \/><fieldset class=&quot;content-form-field-text elementor-column elementor-col-100&quot;><label for=\"data[d3e996c][name]\" ><\/label><input type=\"text\" name=\"data[d3e996c][name]\" id=\"data[d3e996c][name]\" required=required  placeholder=\"Va\u0161e meno: *\"><\/fieldset><fieldset class=&quot;content-form-field-email elementor-column elementor-col-100&quot;><label for=\"data[d3e996c][email]\" ><\/label><input type=\"text\" name=\"data[d3e996c][email]\" id=\"data[d3e996c][email]\" required=required  placeholder=\"V\u00e1\u0161 e-mail: *\"><\/fieldset><fieldset class=&quot;content-form-field-number elementor-column elementor-col-100&quot;><label for=\"data[d3e996c][phone]\" ><\/label><input type=\"text\" name=\"data[d3e996c][phone]\" id=\"data[d3e996c][phone]\"   placeholder=\"D\u00e1tum a miesto fotografovania:\"><\/fieldset><fieldset class=&quot;content-form-field-text elementor-column elementor-col-100&quot;><label for=\"data[d3e996c][odkial-ste-sa-o-mne-dozvedeli]\" ><\/label><input type=\"text\" name=\"data[d3e996c][odkial-ste-sa-o-mne-dozvedeli]\" id=\"data[d3e996c][odkial-ste-sa-o-mne-dozvedeli]\"   placeholder=\"Odkial ste sa o mne dozvedeli?\"><\/fieldset><fieldset class=&quot;content-form-field-textarea elementor-column elementor-col-100&quot;><label for=\"data[d3e996c][message]\" ><\/label><textarea name=\"data[d3e996c][message]\" id=\"data[d3e996c][message]\"  required=required placeholder=\"Va\u0161a spr\u00e1va: *\" cols=\"30\" rows=\"5\"><\/textarea><\/fieldset><fieldset class=\"submit-form contact\"><button type=\"submit\" name=\"submit\"  value=\"submit-contact-d3e996c\" class=\"\">Odosla\u0165<\/button><\/fieldset><\/form>\t\t\t\t<\/div>\n\t\t\t\t<\/div>\n\t\t\t\t\t<\/div>\n\t\t<\/div>\n\t\t\t\t\t<\/div>\n\t\t<\/section>\n\t\t\t\t\t<\/div>\n\t\t<\/div>\n\t\t\t\t\t<\/div>\n\t\t<\/section>\n\t\t\t\t<\/div>\n\t\t","protected":false},"excerpt":{"rendered":"<p>Som Pavol, fotografii sa venujem pribli\u017ene od roku 2007. S po\u010diatku to bolo iba h\u013eadanie \u010do funguje a \u010do nefunguje met\u00f3dou pokus \u2013 omyl. U\u010denie sa a kopec \u0161pekulovania. Ale som r\u00e1d, \u017ee som si t\u00fdm pre\u0161iel. Nau\u010dil som sa popri tom ve\u013emi ve\u013ea. V tejto dobe sa najviac venujem svadobnej fotografii, fotografovaniu rod\u00edn, repor\u00e1\u017e\u00ed [&hellip;]<\/p>\n","protected":false},"author":1,"featured_media":0,"parent":0,"menu_order":0,"comment_status":"closed","ping_status":"closed","template":"","meta":{"_vp_format_video_url":"","_vp_image_focal_point":[],"footnotes":""},"class_list":["post-697","page","type-page","status-publish","hentry"],"yoast_head":"<!-- This site is optimized with the Yoast SEO plugin v27.5 - https:\/\/yoast.com\/product\/yoast-seo-wordpress\/ -->\n<title>Kontakt - Pavol Nov\u00e1k<\/title>\n<meta name=\"robots\" content=\"index, follow, max-snippet:-1, max-image-preview:large, max-video-preview:-1\" \/>\n<link rel=\"canonical\" href=\"https:\/\/pavolnovak.com\/sk\/kontakt\/\" \/>\n<meta property=\"og:locale\" content=\"en_US\" \/>\n<meta property=\"og:type\" content=\"article\" \/>\n<meta property=\"og:title\" content=\"Kontakt - Pavol Nov\u00e1k\" \/>\n<meta property=\"og:description\" content=\"Som Pavol, fotografii sa venujem pribli\u017ene od roku 2007. S po\u010diatku to bolo iba h\u013eadanie \u010do funguje a \u010do nefunguje met\u00f3dou pokus \u2013 omyl. U\u010denie sa a kopec \u0161pekulovania. Ale som r\u00e1d, \u017ee som si t\u00fdm pre\u0161iel. Nau\u010dil som sa popri tom ve\u013emi ve\u013ea. V tejto dobe sa najviac venujem svadobnej fotografii, fotografovaniu rod\u00edn, repor\u00e1\u017e\u00ed [&hellip;]\" \/>\n<meta property=\"og:url\" content=\"https:\/\/pavolnovak.com\/sk\/kontakt\/\" \/>\n<meta property=\"og:site_name\" content=\"Pavol Nov\u00e1k\" \/>\n<meta property=\"article:modified_time\" content=\"2026-03-12T11:07:41+00:00\" \/>\n<meta property=\"og:image\" content=\"http:\/\/pavolnovak.com\/sk\/wp-content\/uploads\/2020\/03\/profile-300x300.png\" \/>\n<meta name=\"twitter:card\" content=\"summary_large_image\" \/>\n<meta name=\"twitter:label1\" content=\"Est. reading time\" \/>\n\t<meta name=\"twitter:data1\" content=\"2 minutes\" \/>\n<script type=\"application\/ld+json\" class=\"yoast-schema-graph\">{\"@context\":\"https:\\\/\\\/schema.org\",\"@graph\":[{\"@type\":\"WebPage\",\"@id\":\"https:\\\/\\\/pavolnovak.com\\\/sk\\\/kontakt\\\/\",\"url\":\"https:\\\/\\\/pavolnovak.com\\\/sk\\\/kontakt\\\/\",\"name\":\"Kontakt - Pavol Nov\u00e1k\",\"isPartOf\":{\"@id\":\"https:\\\/\\\/pavolnovak.com\\\/sk\\\/#website\"},\"primaryImageOfPage\":{\"@id\":\"https:\\\/\\\/pavolnovak.com\\\/sk\\\/kontakt\\\/#primaryimage\"},\"image\":{\"@id\":\"https:\\\/\\\/pavolnovak.com\\\/sk\\\/kontakt\\\/#primaryimage\"},\"thumbnailUrl\":\"http:\\\/\\\/pavolnovak.com\\\/sk\\\/wp-content\\\/uploads\\\/2020\\\/03\\\/profile-300x300.png\",\"datePublished\":\"2020-03-03T18:15:45+00:00\",\"dateModified\":\"2026-03-12T11:07:41+00:00\",\"breadcrumb\":{\"@id\":\"https:\\\/\\\/pavolnovak.com\\\/sk\\\/kontakt\\\/#breadcrumb\"},\"inLanguage\":\"en-US\",\"potentialAction\":[{\"@type\":\"ReadAction\",\"target\":[\"https:\\\/\\\/pavolnovak.com\\\/sk\\\/kontakt\\\/\"]}]},{\"@type\":\"ImageObject\",\"inLanguage\":\"en-US\",\"@id\":\"https:\\\/\\\/pavolnovak.com\\\/sk\\\/kontakt\\\/#primaryimage\",\"url\":\"https:\\\/\\\/pavolnovak.com\\\/sk\\\/wp-content\\\/uploads\\\/2020\\\/03\\\/profile.png\",\"contentUrl\":\"https:\\\/\\\/pavolnovak.com\\\/sk\\\/wp-content\\\/uploads\\\/2020\\\/03\\\/profile.png\",\"width\":1200,\"height\":1200},{\"@type\":\"BreadcrumbList\",\"@id\":\"https:\\\/\\\/pavolnovak.com\\\/sk\\\/kontakt\\\/#breadcrumb\",\"itemListElement\":[{\"@type\":\"ListItem\",\"position\":1,\"name\":\"Home\",\"item\":\"https:\\\/\\\/pavolnovak.com\\\/sk\\\/\"},{\"@type\":\"ListItem\",\"position\":2,\"name\":\"Kontakt\"}]},{\"@type\":\"WebSite\",\"@id\":\"https:\\\/\\\/pavolnovak.com\\\/sk\\\/#website\",\"url\":\"https:\\\/\\\/pavolnovak.com\\\/sk\\\/\",\"name\":\"Pavol Nov\u00e1k\",\"description\":\"Wedding &amp; Portrait Photography\",\"potentialAction\":[{\"@type\":\"SearchAction\",\"target\":{\"@type\":\"EntryPoint\",\"urlTemplate\":\"https:\\\/\\\/pavolnovak.com\\\/sk\\\/?s={search_term_string}\"},\"query-input\":{\"@type\":\"PropertyValueSpecification\",\"valueRequired\":true,\"valueName\":\"search_term_string\"}}],\"inLanguage\":\"en-US\"}]}<\/script>\n<!-- \/ Yoast SEO plugin. -->","yoast_head_json":{"title":"Kontakt - Pavol Nov\u00e1k","robots":{"index":"index","follow":"follow","max-snippet":"max-snippet:-1","max-image-preview":"max-image-preview:large","max-video-preview":"max-video-preview:-1"},"canonical":"https:\/\/pavolnovak.com\/sk\/kontakt\/","og_locale":"en_US","og_type":"article","og_title":"Kontakt - Pavol Nov\u00e1k","og_description":"Som Pavol, fotografii sa venujem pribli\u017ene od roku 2007. S po\u010diatku to bolo iba h\u013eadanie \u010do funguje a \u010do nefunguje met\u00f3dou pokus \u2013 omyl. U\u010denie sa a kopec \u0161pekulovania. Ale som r\u00e1d, \u017ee som si t\u00fdm pre\u0161iel. Nau\u010dil som sa popri tom ve\u013emi ve\u013ea. V tejto dobe sa najviac venujem svadobnej fotografii, fotografovaniu rod\u00edn, repor\u00e1\u017e\u00ed [&hellip;]","og_url":"https:\/\/pavolnovak.com\/sk\/kontakt\/","og_site_name":"Pavol Nov\u00e1k","article_modified_time":"2026-03-12T11:07:41+00:00","og_image":[{"url":"http:\/\/pavolnovak.com\/sk\/wp-content\/uploads\/2020\/03\/profile-300x300.png","type":"","width":"","height":""}],"twitter_card":"summary_large_image","twitter_misc":{"Est. reading time":"2 minutes"},"schema":{"@context":"https:\/\/schema.org","@graph":[{"@type":"WebPage","@id":"https:\/\/pavolnovak.com\/sk\/kontakt\/","url":"https:\/\/pavolnovak.com\/sk\/kontakt\/","name":"Kontakt - Pavol Nov\u00e1k","isPartOf":{"@id":"https:\/\/pavolnovak.com\/sk\/#website"},"primaryImageOfPage":{"@id":"https:\/\/pavolnovak.com\/sk\/kontakt\/#primaryimage"},"image":{"@id":"https:\/\/pavolnovak.com\/sk\/kontakt\/#primaryimage"},"thumbnailUrl":"http:\/\/pavolnovak.com\/sk\/wp-content\/uploads\/2020\/03\/profile-300x300.png","datePublished":"2020-03-03T18:15:45+00:00","dateModified":"2026-03-12T11:07:41+00:00","breadcrumb":{"@id":"https:\/\/pavolnovak.com\/sk\/kontakt\/#breadcrumb"},"inLanguage":"en-US","potentialAction":[{"@type":"ReadAction","target":["https:\/\/pavolnovak.com\/sk\/kontakt\/"]}]},{"@type":"ImageObject","inLanguage":"en-US","@id":"https:\/\/pavolnovak.com\/sk\/kontakt\/#primaryimage","url":"https:\/\/pavolnovak.com\/sk\/wp-content\/uploads\/2020\/03\/profile.png","contentUrl":"https:\/\/pavolnovak.com\/sk\/wp-content\/uploads\/2020\/03\/profile.png","width":1200,"height":1200},{"@type":"BreadcrumbList","@id":"https:\/\/pavolnovak.com\/sk\/kontakt\/#breadcrumb","itemListElement":[{"@type":"ListItem","position":1,"name":"Home","item":"https:\/\/pavolnovak.com\/sk\/"},{"@type":"ListItem","position":2,"name":"Kontakt"}]},{"@type":"WebSite","@id":"https:\/\/pavolnovak.com\/sk\/#website","url":"https:\/\/pavolnovak.com\/sk\/","name":"Pavol Nov\u00e1k","description":"Wedding &amp; Portrait Photography","potentialAction":[{"@type":"SearchAction","target":{"@type":"EntryPoint","urlTemplate":"https:\/\/pavolnovak.com\/sk\/?s={search_term_string}"},"query-input":{"@type":"PropertyValueSpecification","valueRequired":true,"valueName":"search_term_string"}}],"inLanguage":"en-US"}]}},"_links":{"self":[{"href":"https:\/\/pavolnovak.com\/sk\/wp-json\/wp\/v2\/pages\/697","targetHints":{"allow":["GET"]}}],"collection":[{"href":"https:\/\/pavolnovak.com\/sk\/wp-json\/wp\/v2\/pages"}],"about":[{"href":"https:\/\/pavolnovak.com\/sk\/wp-json\/wp\/v2\/types\/page"}],"author":[{"embeddable":true,"href":"https:\/\/pavolnovak.com\/sk\/wp-json\/wp\/v2\/users\/1"}],"replies":[{"embeddable":true,"href":"https:\/\/pavolnovak.com\/sk\/wp-json\/wp\/v2\/comments?post=697"}],"version-history":[{"count":3,"href":"https:\/\/pavolnovak.com\/sk\/wp-json\/wp\/v2\/pages\/697\/revisions"}],"predecessor-version":[{"id":2288,"href":"https:\/\/pavolnovak.com\/sk\/wp-json\/wp\/v2\/pages\/697\/revisions\/2288"}],"wp:attachment":[{"href":"https:\/\/pavolnovak.com\/sk\/wp-json\/wp\/v2\/media?parent=697"}],"curies":[{"name":"wp","href":"https:\/\/api.w.org\/{rel}","templated":true}]}}